{"id":1480,"date":"2013-01-03T13:43:50","date_gmt":"2013-01-03T13:43:50","guid":{"rendered":"http:\/\/sh1.neoserv.si\/~slogedsi\/?page_id=1480"},"modified":"2025-04-03T13:10:34","modified_gmt":"2025-04-03T13:10:34","slug":"homepage","status":"publish","type":"page","link":"https:\/\/sloged.si\/en\/","title":{"rendered":"HOME"},"content":{"rendered":"<div class=\"divider\"><span class=\"divider-line\"><\/span><span class=\"divider-color\"><\/span><\/div>\n<h4>News<\/h4>\n<div class=\"post-shortcode-wrapper mt-custom-col col-3 format- clearfix\"><div class=\"post-shortcode mt-col-inner format-\" id=\"post-3489\"><div class=\"post-item\"><img decoding=\"async\" class=\"responsive-image\" src=\"https:\/\/sloged.si\/wp-content\/uploads\/2026\/02\/image-1-540x300.png\" alt=\"8th Slovenian Geotechnical Conference and 24th \u0160uklje Day\" \/><h6><a href=\"https:\/\/sloged.si\/en\/8psg\/\">8th Slovenian Geotechnical Conference and 24th \u0160uklje Day<\/a><\/h6><ul class=\"post-shortcode-meta clearfix\"><li><em>August 12, 2025<\/em><\/li><li>0 Comments<\/li><\/ul><p>Vljudno vas vabimo na 8. posvetovanje slovenskih geotehnikov in 24. \u0160ukljetov dan, ki bosta potekala od 1. do 3. oktobra 2025 v Kongresne centru Roga\u0161ka, v Roga\u0161ki Slatini.<\/p><\/div><a class=\"ps-rm-link clearfix\" href=\"https:\/\/sloged.si\/en\/8psg\/\">Read more &rarr;<\/a><\/div><div class=\"post-shortcode mt-col-inner format-\" id=\"post-3100\"><div class=\"post-item\"><img decoding=\"async\" class=\"responsive-image\" src=\"https:\/\/sloged.si\/wp-content\/uploads\/2024\/11\/ai1-e1731336064409-540x300.webp\" alt=\"The twenty-third \u0160uklje&#8217;s Day, 6 December 2024, Postojna, Slovenia\" \/><h6><a href=\"https:\/\/sloged.si\/en\/23-sukljetov-dan\/\">The twenty-third \u0160uklje&#8217;s Day, 6 December 2024, Postojna, Slovenia<\/a><\/h6><ul class=\"post-shortcode-meta clearfix\"><li><em>November 11, 2024<\/em><\/li><li>0 Comments<\/li><\/ul><p>Artificial Intelligence in Transportation Geotechnics: Current challenges and future opportunities in research and practical engineering Dear Distinguished Colleagues and Friends We are pleased to invite you to the traditional 23rd \u0160uklje\u2019s Day, which will take place on Friday, 6 December 2024, in Postojna at Hotel Jama. This year, we are privileged to welcome the esteemed [&hellip;]<\/p><\/div><a class=\"ps-rm-link clearfix\" href=\"https:\/\/sloged.si\/en\/23-sukljetov-dan\/\">Read more &rarr;<\/a><\/div><\/div>\n<div class=\"divider\"><span class=\"divider-line\"><\/span><span class=\"divider-color\"><\/span><\/div>\n","protected":false},"excerpt":{"rendered":"<p>News<\/p>\n","protected":false},"author":64,"featured_media":0,"parent":0,"menu_order":0,"comment_status":"closed","ping_status":"closed","template":"template-page-with-slider.php","meta":{"ngg_post_thumbnail":0,"footnotes":""},"class_list":["post-1480","page","type-page","status-publish","hentry"],"_links":{"self":[{"href":"https:\/\/sloged.si\/en\/wp-json\/wp\/v2\/pages\/1480","targetHints":{"allow":["GET"]}}],"collection":[{"href":"https:\/\/sloged.si\/en\/wp-json\/wp\/v2\/pages"}],"about":[{"href":"https:\/\/sloged.si\/en\/wp-json\/wp\/v2\/types\/page"}],"author":[{"embeddable":true,"href":"https:\/\/sloged.si\/en\/wp-json\/wp\/v2\/users\/64"}],"replies":[{"embeddable":true,"href":"https:\/\/sloged.si\/en\/wp-json\/wp\/v2\/comments?post=1480"}],"version-history":[{"count":4,"href":"https:\/\/sloged.si\/en\/wp-json\/wp\/v2\/pages\/1480\/revisions"}],"predecessor-version":[{"id":3495,"href":"https:\/\/sloged.si\/en\/wp-json\/wp\/v2\/pages\/1480\/revisions\/3495"}],"wp:attachment":[{"href":"https:\/\/sloged.si\/en\/wp-json\/wp\/v2\/media?parent=1480"}],"curies":[{"name":"wp","href":"https:\/\/api.w.org\/{rel}","templated":true}]}}